{"id":4298,"date":"2025-04-11T11:25:37","date_gmt":"2025-04-11T11:25:37","guid":{"rendered":"https:\/\/casa-andelka.cz\/?page_id=4298"},"modified":"2025-05-16T09:33:26","modified_gmt":"2025-05-16T09:33:26","slug":"impressum","status":"publish","type":"page","link":"https:\/\/casa-andelka.cz\/cs\/impressum\/","title":{"rendered":"Impressum"},"content":{"rendered":"<div data-elementor-type=\"wp-page\" data-elementor-id=\"4298\" class=\"elementor elementor-4298\" data-elementor-settings=\"{&quot;ha_cmc_init_switcher&quot;:&quot;no&quot;}\" data-elementor-post-type=\"page\">\n\t\t\t\t<div class=\"elementor-element elementor-element-4e8ef06 e-flex e-con-boxed e-con e-parent\" data-id=\"4e8ef06\" data-element_type=\"container\" data-settings=\"{&quot;background_background&quot;:&quot;classic&quot;,&quot;hoteller_ext_is_background_parallax&quot;:&quot;false&quot;,&quot;hoteller_ext_is_background_backdrop&quot;:&quot;false&quot;,&quot;hoteller_ext_is_background_on_scroll&quot;:&quot;false&quot;,&quot;_ha_eqh_enable&quot;:false,&quot;hoteller_ext_link_sidemenu&quot;:&quot;false&quot;,&quot;hoteller_ext_link_fullmenu&quot;:&quot;false&quot;,&quot;hoteller_ext_link_closed_fullmenu&quot;:&quot;false&quot;,&quot;hoteller_ext_is_scrollme&quot;:&quot;false&quot;,&quot;hoteller_ext_is_smoove&quot;:&quot;false&quot;,&quot;hoteller_ext_is_parallax_mouse&quot;:&quot;false&quot;,&quot;hoteller_ext_is_infinite&quot;:&quot;false&quot;,&quot;hoteller_ext_is_fadeout_animation&quot;:&quot;false&quot;,&quot;hoteller_ext_mobile_static&quot;:&quot;false&quot;}\">\n\t\t\t\t\t<div class=\"e-con-inner\">\n\t\t\t\t<div class=\"elementor-element elementor-element-7081e56 elementor-widget elementor-widget-heading\" data-id=\"7081e56\" data-element_type=\"widget\" data-settings=\"{&quot;hoteller_ext_link_sidemenu&quot;:&quot;false&quot;,&quot;hoteller_ext_link_fullmenu&quot;:&quot;false&quot;,&quot;hoteller_ext_link_closed_fullmenu&quot;:&quot;false&quot;,&quot;hoteller_ext_is_scrollme&quot;:&quot;false&quot;,&quot;hoteller_ext_is_smoove&quot;:&quot;false&quot;,&quot;hoteller_ext_is_parallax_mouse&quot;:&quot;false&quot;,&quot;hoteller_ext_is_infinite&quot;:&quot;false&quot;,&quot;hoteller_ext_is_fadeout_animation&quot;:&quot;false&quot;,&quot;hoteller_ext_mobile_static&quot;:&quot;false&quot;}\" data-widget_type=\"heading.default\">\n\t\t\t\t<div class=\"elementor-widget-container\">\n\t\t\t\t\t<h2 class=\"elementor-heading-title elementor-size-default\">Impressum\n<\/h2>\t\t\t\t<\/div>\n\t\t\t\t<\/div>\n\t\t\t\t\t<\/div>\n\t\t\t\t<\/div>\n\t\t<div class=\"elementor-element elementor-element-8569e79 e-flex e-con-boxed e-con e-parent\" data-id=\"8569e79\" data-element_type=\"container\" data-settings=\"{&quot;background_background&quot;:&quot;classic&quot;,&quot;hoteller_ext_is_background_parallax&quot;:&quot;false&quot;,&quot;hoteller_ext_is_background_backdrop&quot;:&quot;false&quot;,&quot;hoteller_ext_is_background_on_scroll&quot;:&quot;false&quot;,&quot;_ha_eqh_enable&quot;:false,&quot;hoteller_ext_link_sidemenu&quot;:&quot;false&quot;,&quot;hoteller_ext_link_fullmenu&quot;:&quot;false&quot;,&quot;hoteller_ext_link_closed_fullmenu&quot;:&quot;false&quot;,&quot;hoteller_ext_is_scrollme&quot;:&quot;false&quot;,&quot;hoteller_ext_is_smoove&quot;:&quot;false&quot;,&quot;hoteller_ext_is_parallax_mouse&quot;:&quot;false&quot;,&quot;hoteller_ext_is_infinite&quot;:&quot;false&quot;,&quot;hoteller_ext_is_fadeout_animation&quot;:&quot;false&quot;,&quot;hoteller_ext_mobile_static&quot;:&quot;false&quot;}\">\n\t\t\t\t\t<div class=\"e-con-inner\">\n\t\t\t\t<div class=\"elementor-element elementor-element-5e9a8f6 elementor-widget elementor-widget-text-editor\" data-id=\"5e9a8f6\" data-element_type=\"widget\" data-settings=\"{&quot;hoteller_ext_link_sidemenu&quot;:&quot;false&quot;,&quot;hoteller_ext_link_fullmenu&quot;:&quot;false&quot;,&quot;hoteller_ext_link_closed_fullmenu&quot;:&quot;false&quot;,&quot;hoteller_ext_is_scrollme&quot;:&quot;false&quot;,&quot;hoteller_ext_is_smoove&quot;:&quot;false&quot;,&quot;hoteller_ext_is_parallax_mouse&quot;:&quot;false&quot;,&quot;hoteller_ext_is_infinite&quot;:&quot;false&quot;,&quot;hoteller_ext_is_fadeout_animation&quot;:&quot;false&quot;,&quot;hoteller_ext_mobile_static&quot;:&quot;false&quot;}\" data-widget_type=\"text-editor.default\">\n\t\t\t\t<div class=\"elementor-widget-container\">\n\t\t\t\t\t\t\t\t\t<p><strong>Impressum \/ Haftungssausschlu\u00df \/ AGB \/ Datenschutz<\/strong><\/p><p>IMPRESUM<\/p><p><strong>Za obsah t\u011bchto webov\u00fdch str\u00e1nek odpov\u00edd\u00e1:<\/strong><\/p><p>CASA ANDELKA<\/p><p><strong>Informace o spole\u010dnosti:<\/strong><br \/>CASA ANDELKA<br \/>Ralf Schulthei\u00df (Einzelunternehmer)<br \/>And\u011blsk\u00e1 Hora 122, CZ 36471 And\u011blsk\u00e1 Hora<\/p><p><strong>Kontakt:<\/strong><br \/>Telefon: 00420 721 683 743 \/ E-mail: info@casa-andelka.cz<\/p><p><strong>Majitel:<\/strong><br \/>Ralf Schulthei\u00df<\/p><p><strong>Registra\u010dn\u00ed k\u00f3d:<\/strong><br \/>\u017divnostensk\u00fd \u00fa\u0159ad Cheb, \u010d.j. 1044\/2015\/CH<\/p><p><strong>DI\u010c:<\/strong><br \/>DI\u010c: CZ683715512<\/p><p><strong>Registrace:<\/strong><br \/>\u017divnostensk\u00fd \u00fa\u0159ad Cheb<br \/>n\u00e1m. Kr\u00e1le Ji\u0159\u00edho z Pod\u011bbrad 1\/14, 350 20 Cheb<br \/>Zapojte se<\/p><p><strong> Poji\u0161t\u011bn\u00ed profesn\u00ed odpov\u011bdnosti:<\/strong><br \/>Allianz poji\u0161\u0165ovna, as, Ke \u0160tvanici 656\/3, 186 00 Praha 8 \/ CZ<\/p><p>\u00a9 05\/2021 \u2013 Pro v\u0161echny p\u0159eklady plat\u00ed n\u011bmeck\u00e1 verze jako p\u016fvodn\u00ed text.<\/p>\t\t\t\t\t\t\t\t<\/div>\n\t\t\t\t<\/div>\n\t\t\t\t<div class=\"elementor-element elementor-element-812e5d8 elementor-widget elementor-widget-spacer\" data-id=\"812e5d8\" data-element_type=\"widget\" data-settings=\"{&quot;hoteller_ext_link_sidemenu&quot;:&quot;false&quot;,&quot;hoteller_ext_link_fullmenu&quot;:&quot;false&quot;,&quot;hoteller_ext_link_closed_fullmenu&quot;:&quot;false&quot;,&quot;hoteller_ext_is_scrollme&quot;:&quot;false&quot;,&quot;hoteller_ext_is_smoove&quot;:&quot;false&quot;,&quot;hoteller_ext_is_parallax_mouse&quot;:&quot;false&quot;,&quot;hoteller_ext_is_infinite&quot;:&quot;false&quot;,&quot;hoteller_ext_is_fadeout_animation&quot;:&quot;false&quot;,&quot;hoteller_ext_mobile_static&quot;:&quot;false&quot;}\" data-widget_type=\"spacer.default\">\n\t\t\t\t<div class=\"elementor-widget-container\">\n\t\t\t\t\t\t\t<div class=\"elementor-spacer\">\n\t\t\t<div class=\"elementor-spacer-inner\"><\/div>\n\t\t<\/div>\n\t\t\t\t\t\t<\/div>\n\t\t\t\t<\/div>\n\t\t\t\t\t<\/div>\n\t\t\t\t<\/div>\n\t\t\t\t<\/div>","protected":false},"excerpt":{"rendered":"<p>Impressum Impressum \/ Haftungssausschlu\u00df \/ AGB \/ Datenschutz IMPRESSUM Verantwortlich f\u00fcr den Inhalt dieser Webseite: Casa Andelka Firmenangaben:Casa AndelkaRalf Schulthei\u00df&#8230; <span class=\"knsl-el-more\"><a href=\"https:\/\/casa-andelka.cz\/cs\/impressum\/\" class=\"knsl-btn\">\u010c\u00edst d\u00e1le<span class=\"screen-reader-text\">Read more&nbsp;Impressum<\/span><\/a><\/span><\/p>","protected":false},"author":1,"featured_media":0,"parent":0,"menu_order":0,"comment_status":"closed","ping_status":"closed","template":"elementor_header_footer","meta":{"_acf_changed":false,"footnotes":""},"class_list":["post-4298","page","type-page","status-publish","hentry"],"acf":[],"_links":{"self":[{"href":"https:\/\/casa-andelka.cz\/cs\/wp-json\/wp\/v2\/pages\/4298","targetHints":{"allow":["GET"]}}],"collection":[{"href":"https:\/\/casa-andelka.cz\/cs\/wp-json\/wp\/v2\/pages"}],"about":[{"href":"https:\/\/casa-andelka.cz\/cs\/wp-json\/wp\/v2\/types\/page"}],"author":[{"embeddable":true,"href":"https:\/\/casa-andelka.cz\/cs\/wp-json\/wp\/v2\/users\/1"}],"replies":[{"embeddable":true,"href":"https:\/\/casa-andelka.cz\/cs\/wp-json\/wp\/v2\/comments?post=4298"}],"version-history":[{"count":26,"href":"https:\/\/casa-andelka.cz\/cs\/wp-json\/wp\/v2\/pages\/4298\/revisions"}],"predecessor-version":[{"id":6050,"href":"https:\/\/casa-andelka.cz\/cs\/wp-json\/wp\/v2\/pages\/4298\/revisions\/6050"}],"wp:attachment":[{"href":"https:\/\/casa-andelka.cz\/cs\/wp-json\/wp\/v2\/media?parent=4298"}],"curies":[{"name":"wp","href":"https:\/\/api.w.org\/{rel}","templated":true}]}}